{"id":1908,"date":"2017-09-05T17:01:48","date_gmt":"2017-09-05T17:01:48","guid":{"rendered":"http:\/\/tecnimoplas.pt\/?page_id=1908"},"modified":"2017-10-02T11:57:47","modified_gmt":"2017-10-02T11:57:47","slug":"portugal-2020","status":"publish","type":"page","link":"https:\/\/tecnimoplas.pt\/en\/portugal-2020\/","title":{"rendered":"Portugal 2020"},"content":{"rendered":"<div class=\"wpb-content-wrapper\"><p>[vc_row full_width=&#8221;stretch_row&#8221; css=&#8221;.vc_custom_1506945429146{background-image: url(http:\/\/tecnimoplas.pt\/wp-content\/uploads\/2015\/02\/header_uhd_9.jpg?id=2170) !important;background-position: center top !important;background-repeat: no-repeat !important;}&#8221;][vc_column][vc_empty_space height=&#8221;315px&#8221;][\/vc_column][\/vc_row][vc_row full_width=&#8221;stretch_row&#8221; css=&#8221;.vc_custom_1506945443050{background-image: url(http:\/\/tecnimoplas.pt\/wp-content\/uploads\/2015\/02\/mid_uhd_4.jpg?id=2171) !important;background-position: center top !important;background-repeat: no-repeat !important;}&#8221;][vc_column][vc_single_image image=&#8221;1909&#8243; img_size=&#8221;full&#8221;][vc_empty_space][vc_column_text css=&#8221;.vc_custom_1504630475222{margin-top: 15px !important;}&#8221;]<\/p>\n<p style=\"text-align: justify; font-size: 12pt; line-height: 2;\">Projeto n\u00ba CENTRO-02-0853-FEDER-022760<\/p>\n<p style=\"text-align: justify; font-size: 12pt; line-height: 2;\">Aviso 19\/SI\/2016- Apoio no \u00e2mbito do Sistema de Incentivos Inova\u00e7\u00e3o produtiva<\/p>\n<p>[\/vc_column_text][vc_column_text css=&#8221;.vc_custom_1504630550238{margin-top: 15px !important;}&#8221;]<\/p>\n<p style=\"text-align: justify; font-size: 12pt; line-height: 2; font-weight: bold;\">Designa\u00e7\u00e3o do projeto: HighTechTOOLS<\/p>\n<p style=\"text-align: justify; font-size: 12pt; line-height: 2;\">Investimento eleg\u00edvel: 2.092.891\u20ac<\/p>\n<p style=\"text-align: justify; font-size: 12pt; line-height: 2;\">Comparticipa\u00e7\u00e3o FEDER: 1.465.023,70\u20ac<\/p>\n<p>[\/vc_column_text][vc_empty_space][vc_separator][vc_empty_space][vc_column_text css=&#8221;.vc_custom_1504630904482{margin-top: 15px !important;}&#8221;]<\/p>\n<p style=\"text-align: justify; font-size: 12pt; line-height: 2; font-weight: bold;\">S\u00edntese do projeto:<\/p>\n<p style=\"text-align: justify; font-size: 12pt; line-height: 2;\">Com o projeto <strong>HighTechTOOLS<\/strong> a <strong>Tecnimopl\u00e1s<\/strong> pretende refor\u00e7ar as suas vantagens competitivas, atrav\u00e9s de inova\u00e7\u00f5es ao n\u00edvel do produto, marketing e organizacional. Estas atividades ir\u00e3o revolucionar a \u00e1rea produtiva ao n\u00edvel da capacidade e integra\u00e7\u00e3o das tecnologias utilizadas, das metodologias de fabrico lean e de desenvolvimento de produto, que ir\u00e1 permitir simplificar os processos. Pretende-se que estas inova\u00e7\u00f5es incrementem a produtividade e capacidade tecnol\u00f3gica, bem como o desenvolvimento de novos produtos para mercados mais exigentes.<\/p>\n<p>[\/vc_column_text][vc_empty_space height=&#8221;64px&#8221;][\/vc_column][\/vc_row]<\/p>\n<\/div>","protected":false},"excerpt":{"rendered":"<p>[vc_row full_width=&#8221;stretch_row&#8221; css=&#8221;.vc_custom_1506945429146{background-image: url(http:\/\/tecnimoplas.pt\/wp-content\/uploads\/2015\/02\/header_uhd_9.jpg?id=2170) !important;background-position: center top !important;background-repeat: no-repeat !important;}&#8221;][vc_column][vc_empty_space height=&#8221;315px&#8221;][\/vc_column][\/vc_row][vc_row full_width=&#8221;stretch_row&#8221; css=&#8221;.vc_custom_1506945443050{background-image: url(http:\/\/tecnimoplas.pt\/wp-content\/uploads\/2015\/02\/mid_uhd_4.jpg?id=2171) !important;background-position: center top !important;background-repeat: no-repeat !important;}&#8221;][vc_column][vc_single_image image=&#8221;1909&#8243; img_size=&#8221;full&#8221;][vc_empty_space][vc_column_text css=&#8221;.vc_custom_1504630475222{margin-top: 15px !important;}&#8221;] Projeto<span class=\"excerpt-hellip\"> [\u2026]<\/span><\/p>\n","protected":false},"author":1,"featured_media":0,"parent":0,"menu_order":0,"comment_status":"closed","ping_status":"closed","template":"","meta":{"footnotes":""},"class_list":["post-1908","page","type-page","status-publish","hentry"],"_links":{"self":[{"href":"https:\/\/tecnimoplas.pt\/en\/wp-json\/wp\/v2\/pages\/1908","targetHints":{"allow":["GET"]}}],"collection":[{"href":"https:\/\/tecnimoplas.pt\/en\/wp-json\/wp\/v2\/pages"}],"about":[{"href":"https:\/\/tecnimoplas.pt\/en\/wp-json\/wp\/v2\/types\/page"}],"author":[{"embeddable":true,"href":"https:\/\/tecnimoplas.pt\/en\/wp-json\/wp\/v2\/users\/1"}],"replies":[{"embeddable":true,"href":"https:\/\/tecnimoplas.pt\/en\/wp-json\/wp\/v2\/comments?post=1908"}],"version-history":[{"count":4,"href":"https:\/\/tecnimoplas.pt\/en\/wp-json\/wp\/v2\/pages\/1908\/revisions"}],"predecessor-version":[{"id":2189,"href":"https:\/\/tecnimoplas.pt\/en\/wp-json\/wp\/v2\/pages\/1908\/revisions\/2189"}],"wp:attachment":[{"href":"https:\/\/tecnimoplas.pt\/en\/wp-json\/wp\/v2\/media?parent=1908"}],"curies":[{"name":"wp","href":"https:\/\/api.w.org\/{rel}","templated":true}]}}