{"id":2414,"date":"2021-03-04T09:52:17","date_gmt":"2021-03-04T09:52:17","guid":{"rendered":"https:\/\/tecnimoplas.pt\/?page_id=2414"},"modified":"2022-10-04T17:34:12","modified_gmt":"2022-10-04T17:34:12","slug":"projetos-co-financiados-pela-eu","status":"publish","type":"page","link":"https:\/\/tecnimoplas.pt\/en\/projetos-co-financiados-pela-eu\/","title":{"rendered":""},"content":{"rendered":"<div class=\"wpb-content-wrapper\"><p><\/p>\n<p>[vc_row][vc_column][vc_tta_accordion active_section=&#8221;0&#8243;][vc_tta_section title=&#8221;2.7 Si I&#038;DT &#8211; Covid: iVisinBio&#8221; tab_id=&#8221;1638436154078-1b41cf4c-f08f&#8221;][vc_column_text]<img loading=\"lazy\" decoding=\"async\" class=\"aligncenter size-full wp-image-2252\" src=\"http:\/\/tecnimoplas.pt\/wp-content\/uploads\/2018\/04\/pt2020-compete.png\" alt=\"pt2020-compete\" width=\"1789\" height=\"311\" srcset=\"https:\/\/tecnimoplas.pt\/wp-content\/uploads\/2018\/04\/pt2020-compete.png 1789w, https:\/\/tecnimoplas.pt\/wp-content\/uploads\/2018\/04\/pt2020-compete-300x52.png 300w, https:\/\/tecnimoplas.pt\/wp-content\/uploads\/2018\/04\/pt2020-compete-768x134.png 768w, https:\/\/tecnimoplas.pt\/wp-content\/uploads\/2018\/04\/pt2020-compete-1024x178.png 1024w, https:\/\/tecnimoplas.pt\/wp-content\/uploads\/2018\/04\/pt2020-compete-260x45.png 260w, https:\/\/tecnimoplas.pt\/wp-content\/uploads\/2018\/04\/pt2020-compete-50x9.png 50w, https:\/\/tecnimoplas.pt\/wp-content\/uploads\/2018\/04\/pt2020-compete-576x100.png 576w, https:\/\/tecnimoplas.pt\/wp-content\/uploads\/2018\/04\/pt2020-compete-150x26.png 150w\" sizes=\"auto, (max-width: 1789px) 100vw, 1789px\" \/><\/p>\n<p style=\"text-align: justify; font-size: 12pt; line-height: 2;\"><strong>iVisinBio<\/strong><strong>: <\/strong>Viseiras Inteligentes para uso Biom\u00e9dico<\/p>\n<p style=\"text-align: justify; font-size: 12pt; line-height: 2;\"><strong>C\u00f3digo do Projeto: <\/strong>POCI-01-0287-FEDER-070035<\/p>\n<p style=\"text-align: justify; font-size: 12pt; line-height: 2;\"><strong>Medida: <\/strong>Projetos I&amp;DT Empresas \u2013 COVID 19<\/p>\n<p style=\"text-align: justify; font-size: 12pt; line-height: 2;\"><strong>Objetivo principal: <\/strong>Refor\u00e7ar a Investiga\u00e7\u00e3o, o Desenvolvimento Tecnol\u00f3gico e a Inova\u00e7\u00e3o<\/p>\n<p style=\"text-align: justify; font-size: 12pt; line-height: 2;\"><strong>Data de aprova\u00e7\u00e3o: <\/strong>2020-09-28<\/p>\n<p style=\"text-align: justify; font-size: 12pt; line-height: 2;\"><strong>Custo Total Eleg\u00edvel: <\/strong>267.474,5\u20ac<\/p>\n<p style=\"text-align: justify; font-size: 12pt; line-height: 2;\"><strong>Apoio Financeiro:\u00a0<\/strong>FEDER -169.424,54\u20ac<\/p>\n<p style=\"text-align: justify; font-size: 12pt; line-height: 2;\"><strong>Per\u00edodo de execu\u00e7\u00e3o: <\/strong>01-11-2020 a 30-10-2022<\/p>\n<p style=\"text-align: justify; font-size: 12pt; line-height: 2; font-weight: bold;\">S\u00edntese do projeto:<\/p>\n<p style=\"text-align: justify; font-size: 12pt; line-height: 2;\">O projeto <strong>iVisinBio<\/strong> tem como objetivo criar uma viseira inteligente para aplica\u00e7\u00f5es biom\u00e9dicas. Essa viseira ter\u00e1 v\u00e1rias vers\u00f5es, tendo por base dois modelos de base: uma vers\u00e3o plana, para aplica\u00e7\u00f5es de cirurgia e para atos m\u00e9dicos que exijam precis\u00e3o e detalhe, e uma vers\u00e3o curva, para uso comum. No design da viseira s\u00e3o incorporadas fun\u00e7\u00f5es que permitem alargar consideravelmente a utiliza\u00e7\u00e3o deste tipo de equipamentos de prote\u00e7\u00e3o individual (EPI), nomeadamente: elementos de ilumina\u00e7\u00e3o, sensor de temperatura remoto, c\u00e2mara de alta resolu\u00e7\u00e3o, barreira de ar, sistema eletr\u00f3nico integrado de controlo, mem\u00f3ria, interface wi-fi, etc. Estas caracter\u00edsticas resultaram da experi\u00eancia dos promotores no design, projeto, produ\u00e7\u00e3o e uso de viseiras de prote\u00e7\u00e3o para uso biom\u00e9dico, que foi adquirida durante este per\u00edodo de pandemia.<\/p>\n<h1><strong>Parceria<\/strong><\/h1>\n<p><img loading=\"lazy\" decoding=\"async\" class=\"alignleft size-full wp-image-2699\" src=\"https:\/\/tecnimoplas.pt\/wp-content\/uploads\/2021\/12\/parceria.png\" alt=\"\" width=\"299\" height=\"87\" \/>[\/vc_column_text][\/vc_tta_section][vc_tta_section title=&#8221;2.6 SI Adaptar&#8221; tab_id=&#8221;1631779740798-ddd3e447-1c91&#8243;][vc_column_text]<img loading=\"lazy\" decoding=\"async\" class=\"aligncenter size-full wp-image-2252\" src=\"http:\/\/tecnimoplas.pt\/wp-content\/uploads\/2018\/04\/pt2020-compete.png\" alt=\"pt2020-compete\" width=\"1789\" height=\"311\" srcset=\"https:\/\/tecnimoplas.pt\/wp-content\/uploads\/2018\/04\/pt2020-compete.png 1789w, https:\/\/tecnimoplas.pt\/wp-content\/uploads\/2018\/04\/pt2020-compete-300x52.png 300w, https:\/\/tecnimoplas.pt\/wp-content\/uploads\/2018\/04\/pt2020-compete-768x134.png 768w, https:\/\/tecnimoplas.pt\/wp-content\/uploads\/2018\/04\/pt2020-compete-1024x178.png 1024w, https:\/\/tecnimoplas.pt\/wp-content\/uploads\/2018\/04\/pt2020-compete-260x45.png 260w, https:\/\/tecnimoplas.pt\/wp-content\/uploads\/2018\/04\/pt2020-compete-50x9.png 50w, https:\/\/tecnimoplas.pt\/wp-content\/uploads\/2018\/04\/pt2020-compete-576x100.png 576w, https:\/\/tecnimoplas.pt\/wp-content\/uploads\/2018\/04\/pt2020-compete-150x26.png 150w\" sizes=\"auto, (max-width: 1789px) 100vw, 1789px\" \/><\/p>\n<p style=\"text-align: justify; font-size: 12pt; line-height: 2;\">Projeto n\u00ba POCI-02-08B9-FEDER-068750<\/p>\n<p style=\"text-align: justify; font-size: 12pt; line-height: 2;\">Apoio no \u00e2mbito do Sistema de Incentivos \u00e0 adapta\u00e7\u00e3o da atividade das PME ao contexto da pandemia COVID 19<\/p>\n<p>&nbsp;<\/p>\n<p style=\"text-align: justify; font-size: 12pt; line-height: 2;\"><strong>Designa\u00e7\u00e3o do projeto:<\/strong> SI TECNIMOPLAS 2020 &#8211; Adapta\u00e7\u00e3o empresarial ao COVID-19<\/p>\n<p style=\"text-align: justify; font-size: 12pt; line-height: 2;\"><strong>Objetivo Tem\u00e1tico:<\/strong> OT 3 &#8211; Refor\u00e7ar a competitividade das PME<\/p>\n<p style=\"text-align: justify; font-size: 12pt; line-height: 2;\"><strong>Entidade Benefici\u00e1ria:<\/strong> TECNIMOPLAS-Ind\u00fastria T\u00e9cnica de Moldes, LDA<\/p>\n<p style=\"text-align: justify; font-size: 12pt; line-height: 2;\"><strong>Localiza\u00e7\u00e3o:<\/strong> Marinha Grande<\/p>\n<p style=\"text-align: justify; font-size: 12pt; line-height: 2;\"><strong>Data de In\u00edcio:<\/strong> 2020-07-31<\/p>\n<p style=\"text-align: justify; font-size: 12pt; line-height: 2;\"><strong>Data de Conclus\u00e3o:<\/strong> 2021-02-02<\/p>\n<p style=\"text-align: justify; font-size: 12pt; line-height: 2;\"><strong>Custo Total Eleg\u00edvel:<\/strong> 14.700,00\u20ac<\/p>\n<p style=\"text-align: justify; font-size: 12pt; line-height: 2;\"><strong>Apoio financeiro da Uni\u00e3o Europeia:<\/strong> FEDER \u2013 7.350\u20ac<\/p>\n<p>&nbsp;<\/p>\n<p style=\"text-align: justify; font-size: 12pt; line-height: 2; font-weight: bold;\">S\u00edntese do projeto:<\/p>\n<p style=\"text-align: justify; font-size: 12pt; line-height: 2;\">Tecnimopl\u00e1s pretende adaptar-se e munir-se de recursos que permitir\u00e3o fazer face \u00e0 pandemia provocada pelo v\u00edrus COVID-19 e assim salvaguardar os colaboradores, clientes e popula\u00e7\u00e3o em geral.<\/p>\n<p>[\/vc_column_text][\/vc_tta_section][vc_tta_section title=&#8221;2.5 Tooling 4G&#8221; tab_id=&#8221;1631779740809-43d8c747-3b89&#8243;][vc_single_image image=&#8221;2402&#8243; img_size=&#8221;full&#8221;][\/vc_tta_section][vc_tta_section title=&#8221;2.4 Adaptar &#8211; Covid Viseiras&#8221; tab_id=&#8221;1631779941157-9646e688-7f07&#8243;][vc_column_text]<img loading=\"lazy\" decoding=\"async\" class=\"size-full wp-image-1909 aligncenter\" src=\"https:\/\/tecnimoplas.pt\/wp-content\/uploads\/2017\/09\/POCentro_PT2020_FEDER_Bom.png\" alt=\"\" width=\"3549\" height=\"536\" srcset=\"https:\/\/tecnimoplas.pt\/wp-content\/uploads\/2017\/09\/POCentro_PT2020_FEDER_Bom.png 3549w, https:\/\/tecnimoplas.pt\/wp-content\/uploads\/2017\/09\/POCentro_PT2020_FEDER_Bom-300x45.png 300w, https:\/\/tecnimoplas.pt\/wp-content\/uploads\/2017\/09\/POCentro_PT2020_FEDER_Bom-768x116.png 768w, https:\/\/tecnimoplas.pt\/wp-content\/uploads\/2017\/09\/POCentro_PT2020_FEDER_Bom-1024x155.png 1024w, https:\/\/tecnimoplas.pt\/wp-content\/uploads\/2017\/09\/POCentro_PT2020_FEDER_Bom-260x39.png 260w, https:\/\/tecnimoplas.pt\/wp-content\/uploads\/2017\/09\/POCentro_PT2020_FEDER_Bom-50x8.png 50w, https:\/\/tecnimoplas.pt\/wp-content\/uploads\/2017\/09\/POCentro_PT2020_FEDER_Bom-576x87.png 576w, https:\/\/tecnimoplas.pt\/wp-content\/uploads\/2017\/09\/POCentro_PT2020_FEDER_Bom-150x23.png 150w\" sizes=\"auto, (max-width: 3549px) 100vw, 3549px\" \/><\/p>\n<p style=\"text-align: justify; font-size: 12pt; line-height: 2;\">Projeto n.\u00ba CENTRO-02-0889-FEDER-048622<\/p>\n<p style=\"text-align: justify; font-size: 12pt; line-height: 2;\">INOVA\u00c7\u00c3O PRODUTIVA: COVID-19<br \/>\nApoio no \u00e2mbito do Sistema de Incentivos \u00e0 Inova\u00e7\u00e3o e Empreendedorismo<\/p>\n<p>&nbsp;<\/p>\n<p style=\"text-align: justify; font-size: 12pt; line-height: 2;\"><strong>Designa\u00e7\u00e3o do projeto:<\/strong> SI TECNIMOPLAS 2020- Produtos para combate ao COVID19<\/p>\n<p style=\"text-align: justify; font-size: 12pt; line-height: 2;\"><strong>Objetivo Tem\u00e1tico:<\/strong> OT 3 \u2013 Refor\u00e7ar a competitividade das PME<\/p>\n<p style=\"text-align: justify; font-size: 12pt; line-height: 2;\"><strong>Entidade Benefici\u00e1ria:<\/strong> TECNIMOPLAS-Ind\u00fastria T\u00e9cnica de Moldes, LDA<\/p>\n<p style=\"text-align: justify; font-size: 12pt; line-height: 2;\"><strong>Localiza\u00e7\u00e3o:<\/strong> Marinha Grande<\/p>\n<p style=\"text-align: justify; font-size: 12pt; line-height: 2;\"><strong>Data de In\u00edcio:<\/strong> 2020-05-25<\/p>\n<p style=\"text-align: justify; font-size: 12pt; line-height: 2;\"><strong>Data de Conclus\u00e3o:<\/strong> 2020-07-20<\/p>\n<p style=\"text-align: justify; font-size: 12pt; line-height: 2;\"><strong>Custo Total Eleg\u00edvel:<\/strong> 204.600,00\u20ac<\/p>\n<p style=\"text-align: justify; font-size: 12pt; line-height: 2;\"><strong>Apoio financeiro da Uni\u00e3o Europeia:<\/strong> FEDER \u2013 163.680\u20ac<\/p>\n<p>&nbsp;<\/p>\n<p style=\"text-align: justify; font-size: 12pt; line-height: 2; font-weight: bold;\">S\u00edntese do projeto:<\/p>\n<p style=\"text-align: justify; font-size: 12pt; line-height: 2;\">A Tecnimopl\u00e1s pretende refor\u00e7ar as suas capacidades produtivas para produzir equipamentos de prote\u00e7\u00e3o individual, nomeadamente viseiras de prote\u00e7\u00e3o, para fazer face ao surto de COVID-19.<\/p>\n<p>[\/vc_column_text][\/vc_tta_section][vc_tta_section title=&#8221;2.3 COMPETE 2020&#8243; tab_id=&#8221;1631781133958-104607e0-4761&#8243;][vc_column_text]<img loading=\"lazy\" decoding=\"async\" class=\"aligncenter size-full wp-image-2252\" src=\"http:\/\/tecnimoplas.pt\/wp-content\/uploads\/2018\/04\/pt2020-compete.png\" alt=\"pt2020-compete\" width=\"1789\" height=\"311\" srcset=\"https:\/\/tecnimoplas.pt\/wp-content\/uploads\/2018\/04\/pt2020-compete.png 1789w, https:\/\/tecnimoplas.pt\/wp-content\/uploads\/2018\/04\/pt2020-compete-300x52.png 300w, https:\/\/tecnimoplas.pt\/wp-content\/uploads\/2018\/04\/pt2020-compete-768x134.png 768w, https:\/\/tecnimoplas.pt\/wp-content\/uploads\/2018\/04\/pt2020-compete-1024x178.png 1024w, https:\/\/tecnimoplas.pt\/wp-content\/uploads\/2018\/04\/pt2020-compete-260x45.png 260w, https:\/\/tecnimoplas.pt\/wp-content\/uploads\/2018\/04\/pt2020-compete-50x9.png 50w, https:\/\/tecnimoplas.pt\/wp-content\/uploads\/2018\/04\/pt2020-compete-576x100.png 576w, https:\/\/tecnimoplas.pt\/wp-content\/uploads\/2018\/04\/pt2020-compete-150x26.png 150w\" sizes=\"auto, (max-width: 1789px) 100vw, 1789px\" \/><\/p>\n<p style=\"text-align: justify; font-size: 12pt; line-height: 2;\">Projeto n\u00ba POCI-02-0853-FEDER-034131<\/p>\n<p style=\"text-align: justify; font-size: 12pt; line-height: 2;\">Aviso 12\/SI\/2017- Apoio no \u00e2mbito do Sistema de \u201cQualifica\u00e7\u00e3o das PME\u201d<\/p>\n<p>&nbsp;<\/p>\n<p style=\"text-align: justify; font-size: 12pt; line-height: 2; font-weight: bold;\">Designa\u00e7\u00e3o do projeto: QI TECNIMOPLAS2020<\/p>\n<p style=\"text-align: justify; font-size: 12pt; line-height: 2;\">Investimento eleg\u00edvel: 256.012,8\u20ac<\/p>\n<p style=\"text-align: justify; font-size: 12pt; line-height: 2;\">Comparticipa\u00e7\u00e3o FEDER: 98.713,82\u20ac<\/p>\n<p>&nbsp;<\/p>\n<p style=\"text-align: justify; font-size: 12pt; line-height: 2; font-weight: bold;\">S\u00edntese do projeto:<\/p>\n<p style=\"text-align: justify; font-size: 12pt; line-height: 2;\">O projeto <strong>QI-TECNIMOPLAS2020 \u2013 Qualifica\u00e7\u00e3o pela inova\u00e7\u00e3o, virtualiza\u00e7\u00e3o e desenvolvimento e engenharia de produto<\/strong> enquadra-se nas 4 tipologias:<\/p>\n<ol>\n<li style=\"text-align: justify; font-size: 12pt; line-height: 2;\">Inova\u00e7\u00e3o organizacional e gest\u00e3o- Melhorar a agilidade da informa\u00e7\u00e3o e introdu\u00e7\u00e3o de novos m\u00e9todos e filosofias de organiza\u00e7\u00e3o do trabalho.<\/li>\n<li style=\"text-align: justify; font-size: 12pt; line-height: 2;\">Economia digital e TIC\u2019s, com melhoria da seguran\u00e7a e produtividade da rede da empresa, e com comunica\u00e7\u00e3o com o cliente.<\/li>\n<li style=\"text-align: justify; font-size: 12pt; line-height: 2;\">Desenvolvimento e engenharia de produtos, servi\u00e7os e processos, com refor\u00e7o de compet\u00eancias no desenvolvimento de moldes complexos e alargamento da cadeia de valor, oferecendo maior valor acrescentado aos clientes.<\/li>\n<li style=\"text-align: justify; font-size: 12pt; line-height: 2;\">Transfer\u00eancia de conhecimento- certifica\u00e7\u00e3o pela NP 4457.<\/li>\n<\/ol>\n<p style=\"text-align: justify; font-size: 12pt; line-height: 2;\">A <strong>Tecnimopl\u00e1s<\/strong> com este projeto pretende implementar a sua estrat\u00e9gia que assenta no desenvolvimento dos seus neg\u00f3cios, com aumento das exporta\u00e7\u00f5es, pela consolida\u00e7\u00e3o da sua reputa\u00e7\u00e3o e notoriedade junto do mercado e pelo refor\u00e7o das suas compet\u00eancias internas em \u00e1reas cr\u00edticas para o neg\u00f3cio.<\/p>\n<p>[\/vc_column_text][\/vc_tta_section][vc_tta_section title=&#8221;2.2 PORTUGAL 2020&#8243; tab_id=&#8221;1631781180027-fc65c996-882e&#8221;][vc_column_text]<img loading=\"lazy\" decoding=\"async\" class=\"size-full wp-image-1909 aligncenter\" src=\"https:\/\/tecnimoplas.pt\/wp-content\/uploads\/2017\/09\/POCentro_PT2020_FEDER_Bom.png\" alt=\"\" width=\"3549\" height=\"536\" srcset=\"https:\/\/tecnimoplas.pt\/wp-content\/uploads\/2017\/09\/POCentro_PT2020_FEDER_Bom.png 3549w, https:\/\/tecnimoplas.pt\/wp-content\/uploads\/2017\/09\/POCentro_PT2020_FEDER_Bom-300x45.png 300w, https:\/\/tecnimoplas.pt\/wp-content\/uploads\/2017\/09\/POCentro_PT2020_FEDER_Bom-768x116.png 768w, https:\/\/tecnimoplas.pt\/wp-content\/uploads\/2017\/09\/POCentro_PT2020_FEDER_Bom-1024x155.png 1024w, https:\/\/tecnimoplas.pt\/wp-content\/uploads\/2017\/09\/POCentro_PT2020_FEDER_Bom-260x39.png 260w, https:\/\/tecnimoplas.pt\/wp-content\/uploads\/2017\/09\/POCentro_PT2020_FEDER_Bom-50x8.png 50w, https:\/\/tecnimoplas.pt\/wp-content\/uploads\/2017\/09\/POCentro_PT2020_FEDER_Bom-576x87.png 576w, https:\/\/tecnimoplas.pt\/wp-content\/uploads\/2017\/09\/POCentro_PT2020_FEDER_Bom-150x23.png 150w\" sizes=\"auto, (max-width: 3549px) 100vw, 3549px\" \/><\/p>\n<p style=\"text-align: justify; font-size: 12pt; line-height: 2;\">Projeto n\u00ba CENTRO-02-0853-FEDER-022760<\/p>\n<p style=\"text-align: justify; font-size: 12pt; line-height: 2;\">Aviso 19\/SI\/2016- Apoio no \u00e2mbito do Sistema de Incentivos Inova\u00e7\u00e3o produtiva<\/p>\n<p>&nbsp;<\/p>\n<p style=\"text-align: justify; font-size: 12pt; line-height: 2;\"><strong>Designa\u00e7\u00e3o do projeto:<\/strong> HighTechTOOLS<\/p>\n<p style=\"text-align: justify; font-size: 12pt; line-height: 2;\"><strong>Objetivo Tem\u00e1tico:<\/strong> OT 3 &#8211; Refor\u00e7ar a competitividade das PME<\/p>\n<p style=\"text-align: justify; font-size: 12pt; line-height: 2;\"><strong>Entidade Benefici\u00e1ria:<\/strong> TECNIMOPLAS-Ind\u00fastria T\u00e9cnica de Moldes, LDA<\/p>\n<p style=\"text-align: justify; font-size: 12pt; line-height: 2;\"><strong>Investimento Total Eleg\u00edvel:<\/strong> 2.092.891\u20ac<\/p>\n<p style=\"text-align: justify; font-size: 12pt; line-height: 2;\"><strong>Apoio financeiro da Uni\u00e3o Europeia:<\/strong> FEDER \u2013 1.465.023,70\u20ac<\/p>\n<p>&nbsp;<\/p>\n<p style=\"text-align: justify; font-size: 12pt; line-height: 2; font-weight: bold;\">S\u00edntese do projeto:<\/p>\n<p style=\"text-align: justify; font-size: 12pt; line-height: 2;\">Com o projeto HighTechTOOLS a Tecnimopl\u00e1s pretende refor\u00e7ar as suas vantagens competitivas, atrav\u00e9s de inova\u00e7\u00f5es ao n\u00edvel do produto, marketing e organizacional. Estas atividades ir\u00e3o revolucionar a \u00e1rea produtiva ao n\u00edvel da capacidade e integra\u00e7\u00e3o das tecnologias utilizadas, das metodologias de fabrico lean e de desenvolvimento de produto, que ir\u00e1 permitir simplificar os processos. Pretende-se que estas inova\u00e7\u00f5es incrementem a produtividade e capacidade tecnol\u00f3gica, bem como o desenvolvimento de novos produtos para mercados mais exigentes.<\/p>\n<p>[\/vc_column_text][\/vc_tta_section][vc_tta_section title=&#8221;2.1 MoldInov&#8221; tab_id=&#8221;1631781250506-5908e232-4263&#8243;][vc_column_text]<strong><img loading=\"lazy\" decoding=\"async\" class=\" wp-image-1100 alignleft\" src=\"http:\/\/tecnimoplas.pt\/wp-content\/uploads\/2015\/07\/MicroDetalhefull.jpg\" alt=\"MicroDetalhefull\" width=\"135\" height=\"128\" srcset=\"https:\/\/tecnimoplas.pt\/wp-content\/uploads\/2015\/07\/MicroDetalhefull.jpg 483w, https:\/\/tecnimoplas.pt\/wp-content\/uploads\/2015\/07\/MicroDetalhefull-300x284.jpg 300w, https:\/\/tecnimoplas.pt\/wp-content\/uploads\/2015\/07\/MicroDetalhefull-154x146.jpg 154w, https:\/\/tecnimoplas.pt\/wp-content\/uploads\/2015\/07\/MicroDetalhefull-50x47.jpg 50w, https:\/\/tecnimoplas.pt\/wp-content\/uploads\/2015\/07\/MicroDetalhefull-480x457.jpg 480w, https:\/\/tecnimoplas.pt\/wp-content\/uploads\/2015\/07\/MicroDetalhefull-79x75.jpg 79w\" sizes=\"auto, (max-width: 135px) 100vw, 135px\" \/> MoldInov &#8211;\u00a0Moldes Inovadores de Alto Desempenho com Micro Detalhes<\/strong><\/p>\n<p>QREN| SI\u00a0 Inova\u00e7\u00e3o \u2013\u00a0 Inova\u00e7\u00e3o Produtiva (Aviso 12\/SI\/2012)<\/p>\n<p>QREN| SI\u00a0 Qualifica\u00e7\u00e3o e Internacionaliza\u00e7\u00e3o de PME (Aviso 10\/SI\/2012)<\/p>\n<p>&nbsp;<\/p>\n<table style=\"height: 300px;\" width=\"819\">\n<tbody>\n<tr>\n<td width=\"262\">Projecto:<\/td>\n<td width=\"340\">MoldInovHD_ Moldes Inovadores de Alto Desempenho com Micro Detalhes<\/td>\n<\/tr>\n<tr>\n<td width=\"262\">Objectivos<\/td>\n<td width=\"340\">Desenvolvimento de novos produtos.<\/td>\n<\/tr>\n<tr>\n<td width=\"262\">Sistema de incentivos\/medida de apoio<\/td>\n<td width=\"340\">QREN| SI\u00a0 Inova\u00e7\u00e3o \u2013\u00a0 Inova\u00e7\u00e3o Produtiva (Aviso 12\/SI\/2012)<\/td>\n<\/tr>\n<tr>\n<td width=\"262\">Investimento eleg\u00edvel<\/td>\n<td width=\"340\">693.286\u20ac<\/td>\n<\/tr>\n<tr>\n<td width=\"262\">Incentivo<\/td>\n<td width=\"340\">381.307,30\u20ac<\/td>\n<\/tr>\n<tr>\n<td width=\"262\">Prazos de execu\u00e7\u00e3o<\/td>\n<td width=\"340\">Mar\u00e7o de 2013 a Dezembro 2014<\/td>\n<\/tr>\n<\/tbody>\n<\/table>\n<p><strong>\u00a0<\/strong><\/p>\n<table style=\"height: 312px;\" width=\"820\">\n<tbody>\n<tr>\n<td width=\"262\">Projecto:<\/td>\n<td width=\"340\">Implementa\u00e7\u00e3o de ac\u00e7\u00f5es de qualifica\u00e7\u00e3o, nas \u00e1reas do desenvolvimento e engenharia de produtos,\u00a0 organiza\u00e7\u00e3o e gest\u00e3o e TIC, economia digital, comercializa\u00e7\u00e3o e marketing, internacionaliza\u00e7\u00e3o, qualidade, diversifica\u00e7\u00e3o e efici\u00eancia energ\u00e9tica , responsabilidade social e seguran\u00e7a e sa\u00fade no trabalho.<\/td>\n<\/tr>\n<tr>\n<td width=\"262\">Sistema de incentivos\/medida de apoio<\/td>\n<td width=\"340\">QREN| SI\u00a0 Qualifica\u00e7\u00e3o e Internacionaliza\u00e7\u00e3o de PME (Aviso 10\/SI\/2012)<\/td>\n<\/tr>\n<tr>\n<td width=\"262\">Investimento eleg\u00edvel<\/td>\n<td width=\"340\">371.675\u20ac<\/td>\n<\/tr>\n<tr>\n<td width=\"262\">Incentivo<\/td>\n<td width=\"340\">156.185,20\u20ac<\/td>\n<\/tr>\n<tr>\n<td width=\"262\">Prazos de execu\u00e7\u00e3o<\/td>\n<td width=\"340\">Abril de 2013 a Mar\u00e7o 2015<\/td>\n<\/tr>\n<\/tbody>\n<\/table>\n<p>[\/vc_column_text][\/vc_tta_section][\/vc_tta_accordion][\/vc_column][\/vc_row]<\/p>\n<p><\/p>\n<\/div>","protected":false},"excerpt":{"rendered":"<p>[vc_row][vc_column][vc_tta_accordion active_section=&#8221;0&#8243;][vc_tta_section title=&#8221;2.7 Si I&#038;DT &#8211; Covid: iVisinBio&#8221; tab_id=&#8221;1638436154078-1b41cf4c-f08f&#8221;][vc_column_text] iVisinBio: Viseiras Inteligentes para uso Biom\u00e9dico C\u00f3digo do Projeto: POCI-01-0287-FEDER-070035 Medida: Projetos I&amp;DT Empresas \u2013 COVID 19<span class=\"excerpt-hellip\"> [\u2026]<\/span><\/p>\n","protected":false},"author":1,"featured_media":0,"parent":0,"menu_order":0,"comment_status":"closed","ping_status":"closed","template":"","meta":{"footnotes":""},"class_list":["post-2414","page","type-page","status-publish","hentry"],"_links":{"self":[{"href":"https:\/\/tecnimoplas.pt\/en\/wp-json\/wp\/v2\/pages\/2414","targetHints":{"allow":["GET"]}}],"collection":[{"href":"https:\/\/tecnimoplas.pt\/en\/wp-json\/wp\/v2\/pages"}],"about":[{"href":"https:\/\/tecnimoplas.pt\/en\/wp-json\/wp\/v2\/types\/page"}],"author":[{"embeddable":true,"href":"https:\/\/tecnimoplas.pt\/en\/wp-json\/wp\/v2\/users\/1"}],"replies":[{"embeddable":true,"href":"https:\/\/tecnimoplas.pt\/en\/wp-json\/wp\/v2\/comments?post=2414"}],"version-history":[{"count":40,"href":"https:\/\/tecnimoplas.pt\/en\/wp-json\/wp\/v2\/pages\/2414\/revisions"}],"predecessor-version":[{"id":2736,"href":"https:\/\/tecnimoplas.pt\/en\/wp-json\/wp\/v2\/pages\/2414\/revisions\/2736"}],"wp:attachment":[{"href":"https:\/\/tecnimoplas.pt\/en\/wp-json\/wp\/v2\/media?parent=2414"}],"curies":[{"name":"wp","href":"https:\/\/api.w.org\/{rel}","templated":true}]}}