{"id":746,"date":"2015-03-18T10:37:47","date_gmt":"2015-03-18T10:37:47","guid":{"rendered":"http:\/\/tecnimoplas.pt\/?page_id=746"},"modified":"2017-10-02T10:55:43","modified_gmt":"2017-10-02T10:55:43","slug":"mis","status":"publish","type":"page","link":"https:\/\/tecnimoplas.pt\/en\/mis\/","title":{"rendered":"MIS"},"content":{"rendered":"<div class=\"wpb-content-wrapper\"><p>[vc_row full_width=&#8221;stretch_row&#8221; css=&#8221;.vc_custom_1506941730777{background: #222222 url(http:\/\/tecnimoplas.pt\/wp-content\/uploads\/2014\/12\/bannerteaser_uhd.jpg?id=2150) !important;background-position: center top !important;background-repeat: no-repeat !important;}&#8221;][vc_column][vc_empty_space height=&#8221;10px&#8221;][\/vc_column][vc_column width=&#8221;1\/3&#8243;][vc_single_image image=&#8221;1256&#8243; img_size=&#8221;320&#8243; alignment=&#8221;center&#8221; style=&#8221;vc_box_rounded&#8221; onclick=&#8221;custom_link&#8221; css_animation=&#8221;top-to-bottom&#8221; link=&#8221;http:\/\/tecnimoplas.pt\/mis\/metodo-precisao-rigor\/&#8221;][vc_empty_space height=&#8221;50px&#8221;][vc_column_text]<\/p>\n<h3 style=\"text-align: center;\"><span style=\"color: #ffffff;\">M\u00e9todo, Precis\u00e3o e Rigor<\/span><\/h3>\n<p>&nbsp;<\/p>\n<p style=\"text-align: justify; font-size: 11pt;\"><span style=\"color: #eeeeee;\">O processo de otimiza\u00e7\u00e3o da produtividade industrial sustentada, constitu\u00ed um fator estrat\u00e9gico para a competitividade da empresa.<\/span><\/p>\n<p>[\/vc_column_text][vc_empty_space height=&#8221;44px&#8221;][vc_btn title=&#8221;Saber Mais&#8221; color=&#8221;danger&#8221; align=&#8221;center&#8221; css_animation=&#8221;bottom-to-top&#8221; link=&#8221;url:http%3A%2F%2Ftecnimoplas.pt%2Fmis%2Fmetodo-precisao-rigor%2F|||&#8221;][\/vc_column][vc_column width=&#8221;1\/3&#8243;][vc_single_image image=&#8221;1257&#8243; img_size=&#8221;320&#8243; alignment=&#8221;center&#8221; style=&#8221;vc_box_rounded&#8221; onclick=&#8221;custom_link&#8221; css_animation=&#8221;top-to-bottom&#8221; link=&#8221;http:\/\/tecnimoplas.pt\/mis\/inovacao-tecnologia\/&#8221;][vc_empty_space height=&#8221;50px&#8221;][vc_column_text]<\/p>\n<h3 style=\"text-align: center;\"><span style=\"color: #ffffff;\">Inova\u00e7\u00e3o e Tecnologia<\/span><\/h3>\n<p>&nbsp;<\/p>\n<p style=\"text-align: justify; font-size: 11pt;\"><span style=\"color: #eeeeee;\">A endogeneiza\u00e7\u00e3o de uma pan\u00f3plia de tecnologias de produ\u00e7\u00e3o avan\u00e7ada de apoio ao fabrico competitivo e de maior valor acrescentado, alavanca uma estrutura produtiva\/comercial diferenciadora e moderna.<\/span><\/p>\n<p>[\/vc_column_text][vc_empty_space height=&#8221;23px&#8221;][vc_btn title=&#8221;Saber Mais&#8221; color=&#8221;danger&#8221; align=&#8221;center&#8221; css_animation=&#8221;bottom-to-top&#8221; link=&#8221;url:http%3A%2F%2Ftecnimoplas.pt%2Fmis%2Finovacao-tecnologia%2F|||&#8221;][\/vc_column][vc_column width=&#8221;1\/3&#8243;][vc_single_image image=&#8221;1258&#8243; img_size=&#8221;320&#8243; alignment=&#8221;center&#8221; style=&#8221;vc_box_rounded&#8221; onclick=&#8221;custom_link&#8221; css_animation=&#8221;top-to-bottom&#8221; link=&#8221;http:\/\/tecnimoplas.pt\/mis\/solucoes-integradas\/&#8221;][vc_empty_space height=&#8221;50px&#8221;][vc_column_text]<\/p>\n<h3 style=\"text-align: center;\"><span style=\"color: #ffffff;\">Solu\u00e7\u00f5es Integradas<\/span><\/h3>\n<p>&nbsp;<\/p>\n<p style=\"text-align: justify; font-size: 11pt;\"><span style=\"color: #eeeeee;\">A disponibilidade de um conjunto de servi\u00e7os diferenciados, assente em recursos humanos qualificados refor\u00e7ado pela intensidade tecnol\u00f3gica, e orientados para cadeias de valor alargadas permite a oferta de uma solu\u00e7\u00e3o integrada.<\/span><\/p>\n<p>[\/vc_column_text][vc_empty_space height=&#8221;3px&#8221;][vc_btn title=&#8221;Saber Mais&#8221; color=&#8221;danger&#8221; align=&#8221;center&#8221; css_animation=&#8221;bottom-to-top&#8221; link=&#8221;url:http%3A%2F%2Ftecnimoplas.pt%2Fmis%2Fsolucoes-integradas%2F|||&#8221;][\/vc_column][vc_column][vc_empty_space height=&#8221;50px&#8221;][\/vc_column][\/vc_row]<\/p>\n<\/div>","protected":false},"excerpt":{"rendered":"<p>[vc_row full_width=&#8221;stretch_row&#8221; css=&#8221;.vc_custom_1506941730777{background: #222222 url(http:\/\/tecnimoplas.pt\/wp-content\/uploads\/2014\/12\/bannerteaser_uhd.jpg?id=2150) !important;background-position: center top !important;background-repeat: no-repeat !important;}&#8221;][vc_column][vc_empty_space height=&#8221;10px&#8221;][\/vc_column][vc_column width=&#8221;1\/3&#8243;][vc_single_image image=&#8221;1256&#8243; img_size=&#8221;320&#8243; alignment=&#8221;center&#8221; style=&#8221;vc_box_rounded&#8221; onclick=&#8221;custom_link&#8221; css_animation=&#8221;top-to-bottom&#8221; link=&#8221;http:\/\/tecnimoplas.pt\/mis\/metodo-precisao-rigor\/&#8221;][vc_empty_space height=&#8221;50px&#8221;][vc_column_text] M\u00e9todo, Precis\u00e3o e Rigor &nbsp;<span class=\"excerpt-hellip\"> [\u2026]<\/span><\/p>\n","protected":false},"author":1,"featured_media":0,"parent":0,"menu_order":0,"comment_status":"closed","ping_status":"closed","template":"","meta":{"footnotes":""},"class_list":["post-746","page","type-page","status-publish","hentry"],"_links":{"self":[{"href":"https:\/\/tecnimoplas.pt\/en\/wp-json\/wp\/v2\/pages\/746","targetHints":{"allow":["GET"]}}],"collection":[{"href":"https:\/\/tecnimoplas.pt\/en\/wp-json\/wp\/v2\/pages"}],"about":[{"href":"https:\/\/tecnimoplas.pt\/en\/wp-json\/wp\/v2\/types\/page"}],"author":[{"embeddable":true,"href":"https:\/\/tecnimoplas.pt\/en\/wp-json\/wp\/v2\/users\/1"}],"replies":[{"embeddable":true,"href":"https:\/\/tecnimoplas.pt\/en\/wp-json\/wp\/v2\/comments?post=746"}],"version-history":[{"count":6,"href":"https:\/\/tecnimoplas.pt\/en\/wp-json\/wp\/v2\/pages\/746\/revisions"}],"predecessor-version":[{"id":2180,"href":"https:\/\/tecnimoplas.pt\/en\/wp-json\/wp\/v2\/pages\/746\/revisions\/2180"}],"wp:attachment":[{"href":"https:\/\/tecnimoplas.pt\/en\/wp-json\/wp\/v2\/media?parent=746"}],"curies":[{"name":"wp","href":"https:\/\/api.w.org\/{rel}","templated":true}]}}