{"id":8,"date":"2014-12-16T14:41:34","date_gmt":"2014-12-16T14:41:34","guid":{"rendered":"http:\/\/tecnimoplas.pt\/?page_id=8"},"modified":"2023-10-19T16:07:50","modified_gmt":"2023-10-19T16:07:50","slug":"acerca-de-nos","status":"publish","type":"page","link":"https:\/\/tecnimoplas.pt\/en\/acerca-de-nos\/","title":{"rendered":"About us"},"content":{"rendered":"<div class=\"wpb-content-wrapper\"><p>[vc_row full_width=&#8221;stretch_row&#8221; content_placement=&#8221;top&#8221; css=&#8221;.vc_custom_1507543713458{background: #f7f7f7 url(http:\/\/tecnimoplas.pt\/wp-content\/uploads\/2014\/12\/header_uhd_2_1.jpg?id=2226) !important;background-position: 0 0 !important;background-repeat: no-repeat !important;}&#8221;][vc_column][vc_empty_space height=&#8221;315px&#8221;][\/vc_column][\/vc_row][vc_row full_width=&#8221;stretch_row&#8221; css=&#8221;.vc_custom_1505388626471{padding-bottom: 36px !important;background-position: 0 0 !important;background-repeat: no-repeat !important;}&#8221;][vc_column width=&#8221;2\/3&#8243;][vc_column_text css=&#8221;.vc_custom_1574073664818{padding-right: 12px !important;}&#8221;]<\/p>\n<h2>Tecnimopl\u00e1s<\/h2>\n<p style=\"text-align: justify; font-size: 11pt; line-height: 2;\">Founded in 1971, Tecnimopl\u00e1s was one of the pioneer companies that helped Marinha Grande (in Portugal) become one of the biggest mould manufacturing centres in the world. We design and manufacture precision moulds, mainly for the plastics industry.<\/p>\n<p style=\"text-align: justify; font-size: 11pt; line-height: 2;\">Quality, honesty and meeting deadlines have been our main and constant endeavours that have contributed to the sustained development of the company\u2019s competitiveness.<\/p>\n<p>[\/vc_column_text][\/vc_column][vc_column width=&#8221;1\/3&#8243;][vc_single_image image=&#8221;2800&#8243; img_size=&#8221;full&#8221; alignment=&#8221;center&#8221; style=&#8221;vc_box_rounded&#8221; css_animation=&#8221;appear&#8221;][\/vc_column][\/vc_row][vc_row full_width=&#8221;stretch_row&#8221; css=&#8221;.vc_custom_1505388414487{background-color: #efefef !important;}&#8221;][vc_column width=&#8221;2\/3&#8243;][vc_column_text]<\/p>\n<h3>Get to know all of our history!<\/h3>\n<p>[\/vc_column_text][\/vc_column][vc_column width=&#8221;1\/3&#8243;][vc_btn title=&#8221;Cronogram&#8221; color=&#8221;inverse&#8221; size=&#8221;sm&#8221; align=&#8221;right&#8221; i_icon_fontawesome=&#8221;fa fa-clock-o&#8221; add_icon=&#8221;true&#8221; link=&#8221;url:http%3A%2F%2Ftecnimoplas.pt%2Fcronograma%2F|||&#8221;][vc_empty_space][\/vc_column][\/vc_row][vc_row css=&#8221;.vc_custom_1505388007581{margin-top: 24px !important;}&#8221;][vc_column width=&#8221;1\/2&#8243;][vc_column_text]<\/p>\n<h3>Purpose<\/h3>\n<p style=\"text-align: justify; font-size: 11pt; line-height: 2;\">Tecnimopl\u00e1s\u2019 purpose is to maintain its position as market leader amongst injection moulding manufacturers.<\/p>\n<p>[\/vc_column_text][vc_empty_space][vc_column_text]<\/p>\n<h3><a href=\"http:\/\/tecnimoplas.pt\/politica-da-gestao\/\">Management Policy<\/a><\/h3>\n<p style=\"text-align: justify; font-size: 11pt; line-height: 2;\">TECNIMOPL\u00c1S\u2019 Management Policy is governed by the following principles and it is based on the company\u2019s philosophy regarding continuous improvement of methods and work processes that guarantee the total satisfaction of our customers <span style=\"color: #999999;\"><a style=\"color: #999999;\" href=\"http:\/\/tecnimoplas.pt\/politica-da-gestao\/\"><small>Find out.<\/small><\/a><\/span><\/p>\n<p>[\/vc_column_text][\/vc_column][vc_column width=&#8221;1\/2&#8243;][vc_column_text]<\/p>\n<h3>Mission<\/h3>\n<p style=\"text-align: justify; font-size: 11pt; line-height: 2;\">To provide clients with complementary products and services that are of high quality, and to participate in the development and success of our clients\u2019 business by making all of our \u201cKnow How\u201d available.<\/p>\n<p style=\"text-align: justify; font-size: 11pt; line-height: 2;\">To share our success with our employees and other entities that we relate to and ensure a regular and high return on our business partners\u2019 investments.<\/p>\n<p>[\/vc_column_text][\/vc_column][\/vc_row][vc_row][vc_column][vc_empty_space height=&#8221;50px&#8221;][\/vc_column][\/vc_row][vc_row full_width=&#8221;stretch_row&#8221; css=&#8221;.vc_custom_1616606787364{padding-bottom: 32px !important;background-color: #ffffff !important;}&#8221;][vc_column width=&#8221;2\/3&#8243;][vc_column_text css=&#8221;.vc_custom_1616606699153{background-color: #ffffff !important;}&#8221;]<\/p>\n<h3>Considerations<\/h3>\n<p style=\"text-align: justify; font-size: 11pt; line-height: 2;\">TECNIMOPL\u00c1S has always had a dynamic role in membership bodies, being an associate member of CEFAMOL \u2013 Associa\u00e7\u00e3o Nacional da Ind\u00fastria de Moldes (National Mould Industry Association) for more than 30 years; a founding associate member of CENTIMFE \u2013 Centro Tecnol\u00f3gico da Industria de Moldes, Ferramentas Especiais e Pl\u00e1sticos (1991) &#8211; Mould Industry Centre for Technology, Special Tools and Plastics (1991); a founding associate member of the Pool-net association \u2013 Portuguese Tooling Network (2008) and an associate member of ANEME \u2013 Associa\u00e7\u00e3o Nacional das Empresas Metal\u00fargicas e Electromec\u00e2nicas (1975) &#8211; ANEME &#8211; National Metal and Electromechanical Companies Association (1975).<\/p>\n<p style=\"text-align: justify; font-size: 11pt; line-height: 2;\">During its 44 years of existence TECNIMOPL\u00c1S has been a pioneer in the adoption of several technologies, being that it was the first mould company in Marinha Grande to have a deep drilling centre (1988), one of the first to explore electroerosion technology (1973) and the CAD\/CAM systems (1986). Also, in terms of human resources it invested in training staff. Additionally, with regards to products it was responsible for big innovations being that it produced one of the first sandwich moulds in the country, which was produced in 1984.<\/p>\n<p>[\/vc_column_text][\/vc_column][vc_column width=&#8221;1\/3&#8243;][vc_empty_space][vc_single_image image=&#8221;2228&#8243; img_size=&#8221;full&#8221; alignment=&#8221;center&#8221; style=&#8221;vc_box_rounded&#8221;][\/vc_column][\/vc_row]<\/p>\n<\/div>","protected":false},"excerpt":{"rendered":"<p>[vc_row full_width=&#8221;stretch_row&#8221; content_placement=&#8221;top&#8221; css=&#8221;.vc_custom_1507543713458{background: #f7f7f7 url(http:\/\/tecnimoplas.pt\/wp-content\/uploads\/2014\/12\/header_uhd_2_1.jpg?id=2226) !important;background-position: 0 0 !important;background-repeat: no-repeat !important;}&#8221;][vc_column][vc_empty_space height=&#8221;315px&#8221;][\/vc_column][\/vc_row][vc_row full_width=&#8221;stretch_row&#8221; css=&#8221;.vc_custom_1505388626471{padding-bottom: 36px !important;background-position: 0 0 !important;background-repeat: no-repeat !important;}&#8221;][vc_column width=&#8221;2\/3&#8243;][vc_column_text css=&#8221;.vc_custom_1574073664818{padding-right: 12px !important;}&#8221;]<span class=\"excerpt-hellip\"> [\u2026]<\/span><\/p>\n","protected":false},"author":1,"featured_media":0,"parent":0,"menu_order":0,"comment_status":"closed","ping_status":"closed","template":"","meta":{"footnotes":""},"class_list":["post-8","page","type-page","status-publish","hentry"],"_links":{"self":[{"href":"https:\/\/tecnimoplas.pt\/en\/wp-json\/wp\/v2\/pages\/8","targetHints":{"allow":["GET"]}}],"collection":[{"href":"https:\/\/tecnimoplas.pt\/en\/wp-json\/wp\/v2\/pages"}],"about":[{"href":"https:\/\/tecnimoplas.pt\/en\/wp-json\/wp\/v2\/types\/page"}],"author":[{"embeddable":true,"href":"https:\/\/tecnimoplas.pt\/en\/wp-json\/wp\/v2\/users\/1"}],"replies":[{"embeddable":true,"href":"https:\/\/tecnimoplas.pt\/en\/wp-json\/wp\/v2\/comments?post=8"}],"version-history":[{"count":132,"href":"https:\/\/tecnimoplas.pt\/en\/wp-json\/wp\/v2\/pages\/8\/revisions"}],"predecessor-version":[{"id":2802,"href":"https:\/\/tecnimoplas.pt\/en\/wp-json\/wp\/v2\/pages\/8\/revisions\/2802"}],"wp:attachment":[{"href":"https:\/\/tecnimoplas.pt\/en\/wp-json\/wp\/v2\/media?parent=8"}],"curies":[{"name":"wp","href":"https:\/\/api.w.org\/{rel}","templated":true}]}}